{"id":45,"date":"2014-02-25T21:59:54","date_gmt":"2014-02-25T20:59:54","guid":{"rendered":"http:\/\/promusicaronsdorf.de\/neu\/?page_id=45"},"modified":"2025-05-28T07:13:41","modified_gmt":"2025-05-28T06:13:41","slug":"foerdermitglieder","status":"publish","type":"page","link":"http:\/\/promusicaronsdorf.de\/?page_id=45","title":{"rendered":"F\u00f6rderung"},"content":{"rendered":"<h2 style=\"text-align: center;\"><span style=\"text-decoration: underline;\">F\u00f6rdernde Mitgliedschaft<\/span><\/h2>\n<p style=\"text-align: center;\">\u00a0Wenn Ihnen unsere Musik am Herzen liegt und Sie unsere Arbeit unterst\u00fctzen wollen, k\u00f6nnen Sie f\u00f6rderndes Mitglied von Pro Musica Ronsdorf werden. Durch Ihre Spende wird dem Chor vielseitige kulturelle Arbeit und sein Fortbestand erm\u00f6glicht.<\/p>\n<p style=\"text-align: center;\"><span style=\"line-height: 1.714285714; font-size: 1rem;\">In jedem Jahr kann ein Konzert, das von Pro Musica Ronsdorf ausgerichtet wird, von Ihnen kostenlos besucht werden. Sie erhalten von uns regelm\u00e4\u00dfig schriftliche Informationen zu Konzerten und Choraktivit\u00e4ten. Au\u00dferdem sind f\u00f6rdernde Mitglieder eingeladen, an den Festlichkeiten des Chores teilzunehmen.<\/span><\/p>\n<p style=\"text-align: center;\"><span style=\"line-height: 1.714285714; font-size: 1rem;\">Der j\u00e4hrliche Beitrag betr\u00e4gt mindestens 20,- Euro und ist steuerlich abzugsf\u00e4hig.<\/span><\/p>\n<p style=\"text-align: center;\"><span style=\"line-height: 1.714285714; font-size: 1rem;\">Kontakt und Informationen \u00fcber die f\u00f6rdernde Mitgliedschaft erhalten Sie durch die Mitglieder des Vorstandes.<\/span><\/p>\n","protected":false},"excerpt":{"rendered":"<p>F\u00f6rdernde Mitgliedschaft \u00a0Wenn Ihnen unsere Musik am Herzen liegt und Sie unsere Arbeit unterst\u00fctzen wollen, k\u00f6nnen Sie f\u00f6rderndes Mitglied von Pro Musica Ronsdorf werden. Durch Ihre Spende wird dem Chor vielseitige kulturelle Arbeit und sein Fortbestand erm\u00f6glicht. In jedem Jahr kann ein Konzert, das von Pro Musica Ronsdorf ausgerichtet wird, von Ihnen kostenlos besucht werden. &hellip; <a href=\"http:\/\/promusicaronsdorf.de\/?page_id=45\" class=\"more-link\"><span class=\"screen-reader-text\">F\u00f6rderung<\/span> weiterlesen <span class=\"meta-nav\">&rarr;<\/span><\/a><\/p>\n","protected":false},"author":1,"featured_media":0,"parent":0,"menu_order":7,"comment_status":"closed","ping_status":"closed","template":"page-templates\/full-width.php","meta":{"footnotes":""},"class_list":["post-45","page","type-page","status-publish","hentry"],"_links":{"self":[{"href":"http:\/\/promusicaronsdorf.de\/index.php?rest_route=\/wp\/v2\/pages\/45","targetHints":{"allow":["GET"]}}],"collection":[{"href":"http:\/\/promusicaronsdorf.de\/index.php?rest_route=\/wp\/v2\/pages"}],"about":[{"href":"http:\/\/promusicaronsdorf.de\/index.php?rest_route=\/wp\/v2\/types\/page"}],"author":[{"embeddable":true,"href":"http:\/\/promusicaronsdorf.de\/index.php?rest_route=\/wp\/v2\/users\/1"}],"replies":[{"embeddable":true,"href":"http:\/\/promusicaronsdorf.de\/index.php?rest_route=%2Fwp%2Fv2%2Fcomments&post=45"}],"version-history":[{"count":5,"href":"http:\/\/promusicaronsdorf.de\/index.php?rest_route=\/wp\/v2\/pages\/45\/revisions"}],"predecessor-version":[{"id":994,"href":"http:\/\/promusicaronsdorf.de\/index.php?rest_route=\/wp\/v2\/pages\/45\/revisions\/994"}],"wp:attachment":[{"href":"http:\/\/promusicaronsdorf.de\/index.php?rest_route=%2Fwp%2Fv2%2Fmedia&parent=45"}],"curies":[{"name":"wp","href":"https:\/\/api.w.org\/{rel}","templated":true}]}}