{"id":14,"date":"2014-02-25T20:27:55","date_gmt":"2014-02-25T19:27:55","guid":{"rendered":"http:\/\/promusicaronsdorf.de\/neu\/?page_id=14"},"modified":"2025-05-28T07:10:06","modified_gmt":"2025-05-28T06:10:06","slug":"uruz","status":"publish","type":"page","link":"https:\/\/promusicaronsdorf.de\/?page_id=14","title":{"rendered":"Chorleitung"},"content":{"rendered":"<p style=\"text-align: center;\"><a href=\"http:\/\/promusicaronsdorf.de\/neu\/wp-content\/uploads\/2014\/02\/20141214_ProMusica-004-2.jpg\"><img loading=\"lazy\" decoding=\"async\" class=\"alignnone size-full wp-image-425\" src=\"http:\/\/promusicaronsdorf.de\/neu\/wp-content\/uploads\/2014\/02\/20141214_ProMusica-004-2.jpg\" alt=\"20141214_ProMusica-004 (2)\" width=\"1477\" height=\"1720\" srcset=\"https:\/\/promusicaronsdorf.de\/neu\/wp-content\/uploads\/2014\/02\/20141214_ProMusica-004-2.jpg 1477w, https:\/\/promusicaronsdorf.de\/neu\/wp-content\/uploads\/2014\/02\/20141214_ProMusica-004-2-257x300.jpg 257w, https:\/\/promusicaronsdorf.de\/neu\/wp-content\/uploads\/2014\/02\/20141214_ProMusica-004-2-879x1024.jpg 879w\" sizes=\"auto, (max-width: 1477px) 100vw, 1477px\" \/><\/a><\/p>\n<p style=\"text-align: center;\"><span style=\"text-decoration: underline;\"><strong>Renate Schlomski<\/strong><\/span>, geboren 1960, erhielt bereits im Alter von 7 Jahren den ersten Klavierunterricht in der \u201eJugendmusikschule Wuppertal\u201c (heute Bergische Musikschule). Im Wintersemester 1976\/77 nahm sie mit dem Hauptfach Klavier ihr Studium \u201eInstrumental-P\u00e4dagogik\u201c auf, das sie im Jahr 1981 erfolgreich abschloss. Sie setzte ihr Studium mit dem Studienziel \u201eK\u00fcnstlerische Abschlusspr\u00fcfung\u201c weiter fort und gelangte im Jahr 1985 zu einem endg\u00fcltigen Abschluss ihrer Ausbildung. Im Jahr 1981 erhielt sie einen Lehrauftrag an der Bergischen Musikschule als Klavierlehrerin. Sie hatte zahlreiche Auftritte in der Kammermusikszene und \u00fcbernahm als Pianistin vielf\u00e4ltige Chorbegleitungen in entsprechenden Konzerten. Zudem bildete sie sich dabei auch als Chorleiterin aus und \u00fcbernahm im Jahr 2002 die musikalische Leitung des gemischten Chores Pro Musica Ronsdorf.<\/p>\n<p style=\"text-align: center;\">\u00a0<a href=\"http:\/\/promusicaronsdorf.de\/neu\/wp-content\/uploads\/2014\/02\/RENATE2007.jpg\"><img loading=\"lazy\" decoding=\"async\" class=\"alignnone size-medium wp-image-112\" src=\"http:\/\/promusicaronsdorf.de\/neu\/wp-content\/uploads\/2014\/02\/RENATE2007-300x245.jpg\" alt=\"RENATE2007\" width=\"300\" height=\"245\" srcset=\"https:\/\/promusicaronsdorf.de\/neu\/wp-content\/uploads\/2014\/02\/RENATE2007-300x245.jpg 300w, https:\/\/promusicaronsdorf.de\/neu\/wp-content\/uploads\/2014\/02\/RENATE2007-1024x837.jpg 1024w, https:\/\/promusicaronsdorf.de\/neu\/wp-content\/uploads\/2014\/02\/RENATE2007-624x510.jpg 624w\" sizes=\"auto, (max-width: 300px) 100vw, 300px\" \/><\/a><\/p>\n","protected":false},"excerpt":{"rendered":"<p>Renate Schlomski, geboren 1960, erhielt bereits im Alter von 7 Jahren den ersten Klavierunterricht in der \u201eJugendmusikschule Wuppertal\u201c (heute Bergische Musikschule). Im Wintersemester 1976\/77 nahm sie mit dem Hauptfach Klavier ihr Studium \u201eInstrumental-P\u00e4dagogik\u201c auf, das sie im Jahr 1981 erfolgreich abschloss. Sie setzte ihr Studium mit dem Studienziel \u201eK\u00fcnstlerische Abschlusspr\u00fcfung\u201c weiter fort und gelangte im &hellip; <a href=\"https:\/\/promusicaronsdorf.de\/?page_id=14\" class=\"more-link\"><span class=\"screen-reader-text\">Chorleitung<\/span> weiterlesen <span class=\"meta-nav\">&rarr;<\/span><\/a><\/p>\n","protected":false},"author":1,"featured_media":0,"parent":0,"menu_order":3,"comment_status":"closed","ping_status":"closed","template":"page-templates\/full-width.php","meta":{"footnotes":""},"class_list":["post-14","page","type-page","status-publish","hentry"],"_links":{"self":[{"href":"https:\/\/promusicaronsdorf.de\/index.php?rest_route=\/wp\/v2\/pages\/14","targetHints":{"allow":["GET"]}}],"collection":[{"href":"https:\/\/promusicaronsdorf.de\/index.php?rest_route=\/wp\/v2\/pages"}],"about":[{"href":"https:\/\/promusicaronsdorf.de\/index.php?rest_route=\/wp\/v2\/types\/page"}],"author":[{"embeddable":true,"href":"https:\/\/promusicaronsdorf.de\/index.php?rest_route=\/wp\/v2\/users\/1"}],"replies":[{"embeddable":true,"href":"https:\/\/promusicaronsdorf.de\/index.php?rest_route=%2Fwp%2Fv2%2Fcomments&post=14"}],"version-history":[{"count":9,"href":"https:\/\/promusicaronsdorf.de\/index.php?rest_route=\/wp\/v2\/pages\/14\/revisions"}],"predecessor-version":[{"id":991,"href":"https:\/\/promusicaronsdorf.de\/index.php?rest_route=\/wp\/v2\/pages\/14\/revisions\/991"}],"wp:attachment":[{"href":"https:\/\/promusicaronsdorf.de\/index.php?rest_route=%2Fwp%2Fv2%2Fmedia&parent=14"}],"curies":[{"name":"wp","href":"https:\/\/api.w.org\/{rel}","templated":true}]}}