{"id":20,"date":"2014-02-25T20:31:51","date_gmt":"2014-02-25T19:31:51","guid":{"rendered":"http:\/\/promusicaronsdorf.de\/neu\/?page_id=20"},"modified":"2026-02-03T10:56:10","modified_gmt":"2026-02-03T09:56:10","slug":"2-2","status":"publish","type":"page","link":"https:\/\/promusicaronsdorf.de\/?page_id=20","title":{"rendered":"Unser Chor"},"content":{"rendered":"\n<div class=\"wp-block-group\"><div class=\"wp-block-group__inner-container is-layout-flow wp-block-group-is-layout-flow\">\n<div class=\"wp-block-group\"><div class=\"wp-block-group__inner-container is-layout-flow wp-block-group-is-layout-flow\">\n<div class=\"wp-block-group\"><div class=\"wp-block-group__inner-container is-layout-flow wp-block-group-is-layout-flow\">\n<div class=\"wp-block-group\"><div class=\"wp-block-group__inner-container is-layout-flow wp-block-group-is-layout-flow\">\n<div class=\"wp-block-group\"><div class=\"wp-block-group__inner-container is-layout-flow wp-block-group-is-layout-flow\">\n<div class=\"wp-block-group\"><div class=\"wp-block-group__inner-container is-layout-flow wp-block-group-is-layout-flow\">\n<figure class=\"wp-block-image size-large\"><img loading=\"lazy\" decoding=\"async\" width=\"1024\" height=\"498\" src=\"http:\/\/promusicaronsdorf.de\/neu\/wp-content\/uploads\/2025\/09\/Pro-musica_3-1-1024x498.jpeg\" alt=\"\" class=\"wp-image-1023\" srcset=\"https:\/\/promusicaronsdorf.de\/neu\/wp-content\/uploads\/2025\/09\/Pro-musica_3-1-1024x498.jpeg 1024w, https:\/\/promusicaronsdorf.de\/neu\/wp-content\/uploads\/2025\/09\/Pro-musica_3-1-300x146.jpeg 300w, https:\/\/promusicaronsdorf.de\/neu\/wp-content\/uploads\/2025\/09\/Pro-musica_3-1-768x374.jpeg 768w, https:\/\/promusicaronsdorf.de\/neu\/wp-content\/uploads\/2025\/09\/Pro-musica_3-1-1536x748.jpeg 1536w, https:\/\/promusicaronsdorf.de\/neu\/wp-content\/uploads\/2025\/09\/Pro-musica_3-1-2048x997.jpeg 2048w\" sizes=\"auto, (max-width: 1024px) 100vw, 1024px\" \/><\/figure>\n\n\n\n<p><strong>Ein Leben ohne Chorgesang ist m\u00f6glich, aber sinnlos!<\/strong><\/p>\n\n\n\n<p>Willkommen im Chor \u2013 bei uns z\u00e4hlt jeder Ton und jeder Mensch.<\/p>\n\n\n\n<p>Unser Chor ist eine lebendige, herzliche Gemeinschaft, in der sich Generationen begegnen und gemeinsam Musik erleben. Manche unserer Mitglieder sind schon seit Jahrzehnten dabei. Die l\u00e4ngste Mitgliedschaft reicht stolze 78 Jahre zur\u00fcck! Gleichzeitig freuen wir uns \u00fcber jede neue Stimme: Neue Mitglieder werden bei uns mit offenen Armen empfangen, in tolle Gespr\u00e4che verwickelt und mit herzlichen Gesten sofort ins Chorleben eingebunden.<\/p>\n\n\n\n<p><strong>Alle Generationen unter einem Dach<\/strong><\/p>\n\n\n\n<p>In unserem Chor ist wirklich jede Altersgruppe vertreten, vom Baby bis zur 90-j\u00e4hrigen S\u00e4ngerin. Und auch ein lieber Hund geh\u00f6rt zu unserer Gemeinschaft. Diese bunte Vielfalt schafft eine einzigartige Atmosph\u00e4re und macht jede Probe besonders.<\/p>\n\n\n\n<p><strong>Musik, die verbindet auch \u00fcber den Probenraum hinaus<\/strong><\/p>\n\n\n\n<p>Unsere Auftritte sind ebenso vielf\u00e4ltig wie unser Chor selbst: Wir singen in Kirchen, Stadthallen, Altenheimen, Feuerwehrhallen, auf Stadtfesten &nbsp;oder ganz spontan f\u00fcr uns selbst im Reisebus. Jeder dieser Momente zeigt: Musik verbindet \u00fcber Alter, Herkunft und Alltag hinweg.<\/p>\n\n\n\n<p><strong>Unsere Dirigentin, musikalisch, menschlich, mit Herz<\/strong><\/p>\n\n\n\n<p>Unser Chor wird von einer ganz besonderen Pers\u00f6nlichkeit geleitet. Unsere Dirigentin war selbst einst S\u00e4ngerin bei uns und hat sp\u00e4ter die Leitung der Bergischen Musikschule \u00fcbernommen. Heute f\u00fchrt sie unseren Chor mit viel Herz, Ruhe, Witz und umfassender musikalischer Erfahrung. Sie ist nicht nur eine erstklassige Musikerin, sondern auch menschlich eine gro\u00dfe Bereicherung f\u00fcr uns alle.<\/p>\n\n\n\n<p><strong>Miteinander statt Nebeneinander<\/strong><\/p>\n\n\n\n<p>Wir helfen einander, z.\u202fB. beim Lesen der Partitur oder beim Finden der richtigen Stimme. Wenn Noten schwer lesbar sind, drucken wir sie gr\u00f6\u00dfer. Wenn E-Mails nicht gelesen werden k\u00f6nnen, greifen wir zum Telefon. Bei uns bleibt niemand allein, alle werden mitgenommen und informiert. Geburtstage feiern wir mit liebevoll gesungenen St\u00e4ndchen, einem gemeinsamen Naschen und ganz viel guter Laune. Auch au\u00dferhalb der Proben gibt es viel zu erleben, von gem\u00fctlichen Weihnachtsfeiern bis zu regelm\u00e4\u00dfigen Stimmbildungsseminaren zur musikalischen Weiterentwicklung.<\/p>\n\n\n\n<p><strong>Probenzeit ist Erlebniszeit<\/strong><\/p>\n\n\n\n<p>Unsere Proben finden montags um 18:00 Uhr in der Remscheider Stra\u00dfe 6, 42369 Wuppertal statt. Sie sind weit mehr als nur gemeinsames Singen: Wir beginnen mit einem behutsamen Einsingen, erg\u00e4nzt durch Atem\u00fcbungen, leichte Gymnastik, unser beliebtes \u201eBlubbern\u201c und sogar Dehn\u00fcbungen mit dem Gummiband. So bringen wir K\u00f6rper und Stimme in Einklang und haben dabei jede Menge Spa\u00df.<\/p>\n\n\n\n<p><strong>Wir sind ein gemischter Chor und immer auf der Suche nach neuen Stimmen!<\/strong><\/p>\n\n\n\n<p><strong>Egal ob du langj\u00e4hrige Chorerfahrung hast oder einfach Freude am Singen, bei uns bist du willkommen.<\/strong><\/p>\n\n\n\n<p><strong>Komm vorbei und werde Teil unserer musikalischen Gemeinschaft!<\/strong><\/p>\n\n\n\n<figure class=\"wp-block-image size-large\"><img loading=\"lazy\" decoding=\"async\" width=\"1024\" height=\"705\" src=\"http:\/\/promusicaronsdorf.de\/neu\/wp-content\/uploads\/2025\/09\/Pro-musica_5-1024x705.jpeg\" alt=\"\" class=\"wp-image-1019\" srcset=\"https:\/\/promusicaronsdorf.de\/neu\/wp-content\/uploads\/2025\/09\/Pro-musica_5-1024x705.jpeg 1024w, https:\/\/promusicaronsdorf.de\/neu\/wp-content\/uploads\/2025\/09\/Pro-musica_5-300x207.jpeg 300w, https:\/\/promusicaronsdorf.de\/neu\/wp-content\/uploads\/2025\/09\/Pro-musica_5-768x529.jpeg 768w, https:\/\/promusicaronsdorf.de\/neu\/wp-content\/uploads\/2025\/09\/Pro-musica_5-1536x1058.jpeg 1536w, https:\/\/promusicaronsdorf.de\/neu\/wp-content\/uploads\/2025\/09\/Pro-musica_5-2048x1411.jpeg 2048w\" sizes=\"auto, (max-width: 1024px) 100vw, 1024px\" \/><figcaption class=\"wp-element-caption\">Der Chor beim Konzert &#8222;Liebesgefl\u00fcster&#8220; am 26.09.2025 in der Wuppertaler Stadthalle<\/figcaption><\/figure>\n<\/div><\/div>\n<\/div><\/div>\n<\/div><\/div>\n<\/div><\/div>\n<\/div><\/div>\n<\/div><\/div>\n\n\n\n<figure class=\"wp-block-image size-large\"><img loading=\"lazy\" decoding=\"async\" width=\"1024\" height=\"429\" src=\"http:\/\/promusicaronsdorf.de\/neu\/wp-content\/uploads\/2022\/08\/DSC06907-1024x429.png\" alt=\"\" class=\"wp-image-675\" srcset=\"https:\/\/promusicaronsdorf.de\/neu\/wp-content\/uploads\/2022\/08\/DSC06907-1024x429.png 1024w, https:\/\/promusicaronsdorf.de\/neu\/wp-content\/uploads\/2022\/08\/DSC06907-300x126.png 300w, https:\/\/promusicaronsdorf.de\/neu\/wp-content\/uploads\/2022\/08\/DSC06907-768x322.png 768w\" sizes=\"auto, (max-width: 1024px) 100vw, 1024px\" \/><figcaption class=\"wp-element-caption\">Der Chor beim Konzert zum 75-j\u00e4hrigen Chorjubil\u00e4um am 11.06.2022<br \/> im Saal der freien evangelischen Gemeinde Ronsdorf<\/figcaption><\/figure>\n\n\n\n<figure class=\"wp-block-image\"><img loading=\"lazy\" decoding=\"async\" width=\"596\" height=\"842\" src=\"http:\/\/promusicaronsdorf.de\/neu\/wp-content\/uploads\/2022\/08\/2017_Gr\u00fcndungsfoto_Kinderchor-p1.jpg\" alt=\"\" class=\"wp-image-676\" srcset=\"https:\/\/promusicaronsdorf.de\/neu\/wp-content\/uploads\/2022\/08\/2017_Gr\u00fcndungsfoto_Kinderchor-p1.jpg 596w, https:\/\/promusicaronsdorf.de\/neu\/wp-content\/uploads\/2022\/08\/2017_Gr\u00fcndungsfoto_Kinderchor-p1-212x300.jpg 212w\" sizes=\"auto, (max-width: 596px) 100vw, 596px\" \/><figcaption class=\"wp-element-caption\">Der Chor bei seiner Gr\u00fcndung 1947<\/figcaption><\/figure>\n\n\n\n<p class=\"has-text-align-center has-background has-medium-font-size\" style=\"background-color:#2ed5db42\"><strong>Unsere Chorprobe findet jeden Montag um 18:00 Uhr im Gemeindesaal der kath. Kirche in Wuppertal-Ronsdorf, Remscheider Stra\u00dfe 8 statt.<\/strong><\/p>\n\n\n<div class=\"wp-block-image is-resized\">\n<figure class=\"aligncenter size-full\"><img loading=\"lazy\" decoding=\"async\" width=\"465\" height=\"461\" src=\"http:\/\/promusicaronsdorf.de\/neu\/wp-content\/uploads\/2025\/05\/Vorstand-neu.jpg\" alt=\"\" class=\"wp-image-974\" srcset=\"https:\/\/promusicaronsdorf.de\/neu\/wp-content\/uploads\/2025\/05\/Vorstand-neu.jpg 465w, https:\/\/promusicaronsdorf.de\/neu\/wp-content\/uploads\/2025\/05\/Vorstand-neu-300x297.jpg 300w, https:\/\/promusicaronsdorf.de\/neu\/wp-content\/uploads\/2025\/05\/Vorstand-neu-150x150.jpg 150w\" sizes=\"auto, (max-width: 465px) 100vw, 465px\" \/><\/figure>\n<\/div>\n\n\n<p class=\"has-text-align-center\">v.l.n.r. : Lisa Bernsm\u00fcller (3.Vorsitzende), Stefanie Ferger (2.Vorsitzende), Markus Rinke (Kassenwart), J\u00f6rg Rosky (1.Vorsitzender), Helga Czischke (Schriftf\u00fchrerin), Marion Hermann (Beisitzerin), Ulrike Rauwald (Beisitzerin)<\/p>\n","protected":false},"excerpt":{"rendered":"<p>Ein Leben ohne Chorgesang ist m\u00f6glich, aber sinnlos! Willkommen im Chor \u2013 bei uns z\u00e4hlt jeder Ton und jeder Mensch. Unser Chor ist eine lebendige, herzliche Gemeinschaft, in der sich Generationen begegnen und gemeinsam Musik erleben. Manche unserer Mitglieder sind schon seit Jahrzehnten dabei. Die l\u00e4ngste Mitgliedschaft reicht stolze 78 Jahre zur\u00fcck! Gleichzeitig freuen wir &hellip; <a href=\"https:\/\/promusicaronsdorf.de\/?page_id=20\" class=\"more-link\"><span class=\"screen-reader-text\">Unser Chor<\/span> weiterlesen <span class=\"meta-nav\">&rarr;<\/span><\/a><\/p>\n","protected":false},"author":1,"featured_media":0,"parent":0,"menu_order":2,"comment_status":"closed","ping_status":"closed","template":"","meta":{"footnotes":""},"class_list":["post-20","page","type-page","status-publish","hentry"],"_links":{"self":[{"href":"https:\/\/promusicaronsdorf.de\/index.php?rest_route=\/wp\/v2\/pages\/20","targetHints":{"allow":["GET"]}}],"collection":[{"href":"https:\/\/promusicaronsdorf.de\/index.php?rest_route=\/wp\/v2\/pages"}],"about":[{"href":"https:\/\/promusicaronsdorf.de\/index.php?rest_route=\/wp\/v2\/types\/page"}],"author":[{"embeddable":true,"href":"https:\/\/promusicaronsdorf.de\/index.php?rest_route=\/wp\/v2\/users\/1"}],"replies":[{"embeddable":true,"href":"https:\/\/promusicaronsdorf.de\/index.php?rest_route=%2Fwp%2Fv2%2Fcomments&post=20"}],"version-history":[{"count":59,"href":"https:\/\/promusicaronsdorf.de\/index.php?rest_route=\/wp\/v2\/pages\/20\/revisions"}],"predecessor-version":[{"id":1072,"href":"https:\/\/promusicaronsdorf.de\/index.php?rest_route=\/wp\/v2\/pages\/20\/revisions\/1072"}],"wp:attachment":[{"href":"https:\/\/promusicaronsdorf.de\/index.php?rest_route=%2Fwp%2Fv2%2Fmedia&parent=20"}],"curies":[{"name":"wp","href":"https:\/\/api.w.org\/{rel}","templated":true}]}}