{"id":22,"date":"2014-02-25T20:32:06","date_gmt":"2014-02-25T19:32:06","guid":{"rendered":"http:\/\/promusicaronsdorf.de\/neu\/?page_id=22"},"modified":"2026-01-26T22:40:53","modified_gmt":"2026-01-26T21:40:53","slug":"z","status":"publish","type":"page","link":"https:\/\/promusicaronsdorf.de\/?page_id=22","title":{"rendered":"Chronik"},"content":{"rendered":"<p><b><i><br \/><\/i><\/b><b><i>\u00fcber 60 Jahre Chorgeschichte&#8230;<\/i><\/b><\/p>\n<p><b>1947<\/b><\/p>\n<p>September: Der Ronsdorfer Kinderchor wird gegr\u00fcndet<\/p>\n<p><b>1949<\/b><\/p>\n<p>Der Chor ist auf 280 Kinder angewachsen<\/p>\n<p><b>1951<\/b><\/p>\n<p>Mai: Geburt des Ronsdorfer Jugendchores<\/p>\n<p><b>1955<\/b><\/p>\n<p>10. Oktober: Erste Probe unter Engelbert Buhr<\/p>\n<p><b>1956<\/b><\/p>\n<p>Oktober: Der Jugendchor gibt ein Konzert im D\u00fcrselenhaus<\/p>\n<p><b>1957<\/b><\/p>\n<p>Der Kinderchor wird aufgel\u00f6st<\/p>\n<p><b>1962<\/b><\/p>\n<p>Januar: Erfolg mit Madrigalen und Liedern<\/p>\n<p><b>1965<\/b><\/p>\n<p>Sommer: Rundfunkaufnahmen f\u00fcr den WDR<\/p>\n<p>Dezember: Spiritual &#8211; Konzert mit Kurt Moll<\/p>\n<p><b>1967<\/b><\/p>\n<p>11. Februar: Umbenennung in Engelbert-Buhr-Chor<\/p>\n<p>November: &#8222;Lieder der Welt&#8220; Internationale Folklore mit Peter Spitzer im D\u00fcrselenhaus<\/p>\n<p><b>1969<\/b><\/p>\n<p>Der Chor zeigt seine Vielseitigkeit: Pop ist &#8222;in&#8220;<\/p>\n<p><b>1970<\/b><\/p>\n<p>Mai: Gute Kritiken f\u00fcr die Mitwirkung beim Bergischen Chorfest in N\u00fcmbrecht; Am Fl\u00fcgel: Hermannjosef R\u00fcbben<\/p>\n<p><b>1971<\/b><\/p>\n<p>April: Konzertreise nach Bielefeld \/ Borgholzhausen<\/p>\n<p>Herbst: Schallplatte &#8222;Ch\u00f6re singen zur Weihnacht &#8222;<\/p>\n<p><b>1972<\/b><\/p>\n<p>Oktober: Jubil\u00e4umskonzert zum 25j\u00e4hrigen Bestehen im D\u00fcrselenhaus, Wiederholungskonzert ist notwendig<\/p>\n<p>November: Oetkerhalle Bielefeld: &#8222;Lieder der Welt&#8220; mit dem Chor der D\u00fcrkopp-Werke und Siegfried Schmidt<\/p>\n<p><b>1974<\/b><\/p>\n<p>Oktober: Engelbert-Buhr-Chor beim Bergischen Chorfest in der Stadthalle Wuppertal &#8222;Kalendarium f\u00fcr Landleut&#8220;<\/p>\n<p><b>1975<\/b><\/p>\n<p>Mai: Konzert in Bad Honnef zur Tagung Europ\u00e4ischer Chorverb\u00e4nde<\/p>\n<p>Juni: Kirchenkonzert in Ronsdorf mit dem Rosenhof-Chor, Oslo<\/p>\n<p><b>1977<\/b><\/p>\n<p>Juni: Konzertreise nach Oslo<\/p>\n<p>Oktober: 3 Konzerte &#8222;Balalaikakl\u00e4nge&#8220; mit der Mandolinen &#8211; Konzert &#8211; Gesellschaft unter Prof. Hartmut Klug<\/p>\n<p><b>1979<\/b><\/p>\n<p>Juni: Teilnahme am Festkonzert &#8222;50 Jahre Wuppertal&#8220; in der Stadthalle<\/p>\n<p>September: Mitwirkung beim Festkonzert zum 75j\u00e4hrigen Bestehen des M\u00e4nnerchores Bayer Leverkusen in Leverkusen<\/p>\n<p><b>1980<\/b><\/p>\n<p>September: Ausflug an die Bigge-Talsperre aus Anla\u00df des 25j\u00e4hrigen Dirigentenjubil\u00e4ums von Herrn Buhr\u00a0im Engelbert-Buhr-Chor<\/p>\n<p>November: Konzert &#8222;Heitere Chormusik&#8220; in der Aula der Gesamtschule Ronsdorf<\/p>\n<p><b>1981<\/b><\/p>\n<p>Mai: Engelbert-Buhr-Chor beim Bergischen Chorfest in Waldbr\u00f6l: &#8222;Tedeum&#8220; von Benjamin Britten<\/p>\n<p>November: Oratorium &#8222;Paulus&#8220; von Felix-Mendelssohn-Bartholdy in der Rudolf-Oetker-Halle in Bielefeld<\/p>\n<p><b>1983<\/b><\/p>\n<p>August: Konzertreise nach Loon op Zand, Niederlande<\/p>\n<p>Oktober: Kirchenkonzert in Ronsdorf: &#8222;Singt dem Herrn ein neues Lied&#8220;<\/p>\n<p><b>1984<\/b><\/p>\n<p>Mai: Gemeinschaftskonzert in Ronsdorf mitdem niederl\u00e4ndischen Chor &#8222;Echo der Duinen&#8220; aus Loon op\u00a0Zand<\/p>\n<p>Oktober: Doppelkonzert &#8222;Unter s\u00fcdlicher Sonne&#8220; mit der Mandolinen-Konzert-Gesellschaft Leitung: Prof. Klug<\/p>\n<p><b>1985<\/b><\/p>\n<p>Mai: Kirchenkonzert in Ronsdorf mit dem Studentenchor der Saint John`s University, Minnesota \/ USA<\/p>\n<p>Dezember: Advent`s und Weihnachtskonzert in Ronsdorf &#8222;auf haltet Euer Herz bereit&#8220;<\/p>\n<p><b>1986<\/b><\/p>\n<p>Juni: Konzertreise nach Bad Iburg<\/p>\n<p><b>1987<\/b><\/p>\n<p>Mai: Engelbert-Buhr-Chor beim Bergischen Chorfest in der Stadthalle Wuppertal: &#8222;Zigeunerlieder&#8220; von Johannes Brahms am Fl\u00fcgel begleitet von Rudolf Haenel<\/p>\n<p>September: Zweite Konzertreise nach Loon op Zand, NL<\/p>\n<p>Oktober: Wunschkonzert &#8222;40 Jahre Engelbert-Buhr-Chor&#8220; in der Aula der Gesamtschule Ronsdorf<\/p>\n<p><b>1989<\/b><\/p>\n<p>September: Mitwirkung beim Platzkonzert des WDR im Zoo<\/p>\n<p>Oktober: Gemeinschaftskonzert im D\u00fcrselenhaus mit dem franz\u00f6sischen Chor &#8222;Loreley&#8220; aus Nozay, Bretagne<\/p>\n<p><b>1990<\/b><\/p>\n<p>Mai: Engelbert-Buhr-Chor beim Bergischen Chorfest in der Stadthalle Mettmann: &#8222;Barbershop-Songs&#8220;<\/p>\n<p>Mai: &#8222;Mit Musik geht alles besser&#8220; Gemeinschaftskonzert mit dem MGV Union und den &#8222;Mad\u00e4mchen\u201c in der Aula der Gesamtschule Ronsdorf<\/p>\n<p>Juni: Konzertreise nach Nozay, Frankreich<\/p>\n<p><b>1991<\/b><\/p>\n<p>November: &#8222;Requiem&#8220; von Wolfgang Amadeus Mozart in der Herz-Jesu-Kirche, Ennepetal<\/p>\n<p><b>1992<\/b><\/p>\n<p>Mai: &#8222;Kalendarium f\u00fcr Landleut&#8220; beim DSB-Chorfest in der Philharmonie K\u00f6ln<\/p>\n<p><b>1993<\/b><\/p>\n<p>Mai: Konzert &#8222;Wiener Melodienreigen&#8220; mit den &#8222;Mad\u00e4mchen&#8220; in der Aula der Gesamtschule Ronsdorf<\/p>\n<p><b>1995<\/b><\/p>\n<p>Oktober: Mitwirkung beim Gemeinschaftskonzert &#8222;250 Jahre Ronsdorf&#8220; in der katholischen Kirche Ronsdorf<\/p>\n<p><b>1996<\/b><\/p>\n<p>Februar: Oratorium &#8222;Die Sch\u00f6pfung&#8220; von Joseph Haydn in der Herz-Jesu-Kirche Ennepetal<\/p>\n<p><b>1997<\/b><\/p>\n<p>Juni: Jubil\u00e4umskonzert (50 Jahre) mit der TIC Theater in der Gesamtschule Ronsdorf<\/p>\n<p>Dezember: 2. Jubil\u00e4umskonzert &#8222;Konzert zur Weihnacht&#8220; in der reformierten Kirche Ronsdorf<\/p>\n<p><b>1998<\/b><\/p>\n<p>November: Auftritt beim Kammerkonzert im Rahmen des Bergischen Chorfestes im Schlo\u00df Morsbroich, Leverkusen<\/p>\n<p><b>1999<\/b><\/p>\n<p>August: Mitwirkung beim Volksliederkonzert des S\u00e4ngerkreises Wuppertal zum Stadtjubil\u00e4um &#8222;70 Jahre Wuppertal&#8220; im gro\u00dfen Saal der Stadthalle Wuppertal<\/p>\n<p><b>2000<\/b><\/p>\n<p>Januar: Neujahrskonzert-Gemeinschaftskonzert des S\u00e4ngerkreises Wuppertal &#8222;Wiener Melodien&#8220; in der Stadthalle Wuppertal<\/p>\n<p>Oktober: Chorleiter Engelbert Buhr beendet seine T\u00e4tigkeit<\/p>\n<p>November: Konzert der Kammerch\u00f6re im Rahmen des Bergischen Chorfestes im Mendelsohnsaal der Stadthalle Wuppertal. Umbenennung des Chores in: Pro Musica Ronsdorf<\/p>\n<p>Dezember: Weihnachtskonzert im D\u00fcrselenhaus Ronsdorf<\/p>\n<p><b>2001<\/b><\/p>\n<p>M\u00e4rz: Chorleiterin wird Frau Gundula Freese<\/p>\n<p><b>2002<\/b><\/p>\n<p>Januar: Chorleiterin wird Frau Renate Schlomski<\/p>\n<p>April: Gemeinschaftskonzert &#8222;Musik, music, Musical&#8220; mit dem Posaunenchor Ronsdorf und dem Vocalquartett Halb &amp; 1\/2 in der Lutherkirche Ronsdorf<\/p>\n<p>Mai: Mitwirkung beim Konzert &#8222;Geistliche Chormusik&#8220; im Rahmen des Bergischen Chorfestes im Altenberger Dom<\/p>\n<p>Dezember: Weihnachtskonzert in der Reformierten Kirche Ronsdorf<\/p>\n<p><b>2003<\/b><\/p>\n<p>September: Kirchenkonzert in der Katholischen Kirche Ronsdorf<\/p>\n<p>Dezember: Adventssingen mit dem Posaunenchor Ronsdorf und dem Vokalquartett Halb &amp; 1\/2 in der Lutherkirche Ronsdorf<\/p>\n<p><b>2004<\/b><\/p>\n<p>Besuch des Gemischten Chores Pfalzen, S\u00fcdtirol und Konzert im Rahmen der Wuppertaler Chorwoche in der Stadthalle Wuppertal<\/p>\n<p>Dezember: Weihnachtskonzert in der Reformierten Kirche Ronsdorf<\/p>\n<p><b>2005<\/b><\/p>\n<p>Mai: Chorfahrt nach Pfalzen, S\u00fcdtirol mit 2 Konzerten<\/p>\n<p>September: Gemeinschaftskonzert mit dem Polnischen Chor aus Nowy Targ in der Lutherkirche, Ronsdorf<\/p>\n<p>Dezember: Gemeinschaftkonzert &#8222;100 Jahre Posaunenchor&#8220; mit dem Posaunenchor Ronsdorf und dem Vokalquartett Halb &amp; \u00bd in der Gesamtschule Ronsdorf<\/p>\n<p><b>2006<\/b><\/p>\n<p>September: Konzert im Altenberger Dom im Rahmen des Bergischen Chorfestes<\/p>\n<p>September: Mitwirkung bei Wuppertal 24 Stunden live in der Lutherkirche, Wuppertal-Ronsdorf<\/p>\n<p>September: Konzert im Forum Maximum Wuppertal-Elberfeld unter dem Motto &#8222;Allerlei von Mensch und Tier&#8220;<\/p>\n<p>Dezember: Weihnachtskonzert in der Katholischen Kirche St. Josef Wuppertal-Ronsdorf<\/p>\n<p><b>2007<\/b><\/p>\n<p>Mai: Teilnahme am Benefizkonzert der Ronsdorfer Ch\u00f6re zu Gunsten des Erhalts der Reformierten Kirche Wuppertal-Ronsdorf<\/p>\n<p>Juni: Konzert in der Stadthalle Wuppertal im Rahmen der Wuppertaler Chorwoche mit dem Gemischten Chor Pro Musica Potsdam, Halb und 1\/2 und Solisten<\/p>\n<p>August: Teilnahme am Johannesbergfest in der Stadthalle Wuppertal<\/p>\n<p>November: Auftritt w\u00e4hrend der Jubilarehrung des S\u00e4ngerkreises Wuppertal in der Bergischen Musikschule Wuppertal-Elberfeld<\/p>\n<p>November: Mitwirkung beim Konzert des Barmer M\u00e4nnerchores in der Gesamtschule Wuppertal-Barmen<\/p>\n<p><b>2008<\/b><\/p>\n<p>M\u00e4rz: Kirchenkonzert in der katholischen Kirche Wuppertal Ronsdorf<\/p>\n<p>April: Teilnahme am Festakt zum 125 j\u00e4hrigen Jubil\u00e4um des Evangelischen M\u00e4nnerchores Ronsdorf<\/p>\n<p>Mai: Auftritt aus Anla\u00df des 50j\u00e4hrigen Jubil\u00e4ums des CVJM in der Bildungsst\u00e4tte Bundesh\u00f6he unter Leitung von Vizedirigent Udo Schlieper<\/p>\n<p>Oktober: Chorreise nach Potsdam mit Gemeinschaftskonzert mit Pro Musica Potsdam<\/p>\n<p>Oktober: Konzertmitwirkung beim Jubil\u00e4umskonzert des Ev. M\u00e4nnerchores<\/p>\n<p>Dezember: Konzert im Diakoniezentrum Schenkstra\u00dfe<\/p>\n<p>Dezember: Weihnachtskonzert in der Lutherkirche<\/p>\n<p><b>2009<\/b><\/p>\n<p>M\u00e4rz: Mitwirkung im Gottesdienst der lutherischen Gemeinde<\/p>\n<p>Juni: Konzert Liebesfreud+Liebesleid im freien ev. Gemeindezentrum<\/p>\n<p>August: Auftritt beim Gemeindefest der ev. Kirchengemeinde in der Lutherkirche<\/p>\n<p>Dezember: Konzert im Diakoniezentrum Schenkstra\u00dfe<\/p>\n<p>Dezember: Weihnachtskonzert in der Kirche St. Christophorus, Lichtscheid<\/p>\n<p><b>2010<\/b><\/p>\n<p>Mai: Mitwirkung beim Bergischen Chorfest im Altenberger Dom<\/p>\n<p>September: Kirchenkonzert mit der M\u00e4dchenkurrende in der kath. Kirche St. Joseph<\/p>\n<p>Oktober: Mitwirkung beim Jubil\u00e4umskonzert 250 Jahre kath. Kirche St. Joseph<\/p>\n<p>Dezember: Weihnachtskonzert in der Lutherkirche<\/p>\n<p><b>2011<\/b><\/p>\n<p>Mai: Mitwirkung beim Konzert von Halb &amp; \u00bd zum 21-j\u00e4hrigen Jubil\u00e4um<\/p>\n<p>in der Kirche der freien evangelischen Gemeinde<\/p>\n<p>September: \u201eOhrwurmkonzert\u201c in der Kirche der freien evangelischen Gemeinde<\/p>\n<p>Mitwirkung \u201eBergische Nacht\u201c in der Historischen Stadthalle Wuppertal- Elberfeld<\/p>\n<p>Oktober : Mitwirkung beim Jubil\u00e4umskonzert des Radevormwalder M\u00e4nnerchores<\/p>\n<p>Dezember: Weihnachtskonzert im Diakoniezentrum Ronsdorf<\/p>\n<p>Weihnachtskonzert in der kath. Kirche St. Christophorus Lichtscheid<\/p>\n<p><b>2012<\/b><\/p>\n<p>M\u00e4rz: Konzert anl\u00e4sslich der Goldenen Hochzeit von Gisela und Walter Diederichs in der Kirche St. Hedwig, Wuppertal-Cronenberg<\/p>\n<p>April: Teilnahme am Bergischen Chorfest in Solingen<\/p>\n<p>Mai: Mitwirkung beim Jubil\u00e4umskonzert des BTV Graben<\/p>\n<p>August: Konzert anl\u00e4sslich der Goldenen Hochzeit von Renate und Franz Leischner in der Lutherkirche Wuppertal-Ronsdorf<\/p>\n<p>September: Herbstkonzert \u201eOl\u00e0l\u00e0 Promusica\u201c mit dem Salonorchester \u201eOl\u00e0l\u00e0\u201c in der Gesamtschule Wuppertal-Ronsdorf<\/p>\n<p>Dezember: Weihnachtskonzert \u201eSei lieber Tag willkommen\u201c in der Reformierten Kirche\u00a0Wuppertal-Ronsdorf<\/p>\n<p><b>2013<\/b><\/p>\n<p>Juli: Benefizkonzert \u201eRonsdorfer Ch\u00f6re helfen den Hochwassergesch\u00e4digten 2013\u201c mit 12 weiteren Ch\u00f6ren in der Lutherkirche Wuppertal-Ronsdorf<\/p>\n<p>Oktober: Chorreise nach Schwerin mit Gemeinschaftskonzert mit dem\u00a0<span style=\"color: #0000ff;\"><a title=\"Theodor K\u00f6rner Chor\" href=\"http:\/\/www.theodor-koerner-chor-schwerin.de\/\"><span style=\"color: #0000ff;\">Theodor-K\u00f6rner-Chor<\/span><\/a><\/span> im Fridericianum Schwerin<\/p>\n<p>November: Gemeinschaftskonzert \u201eRequiem\u201c mit dem Chor der Bergischen Musikschule in der Immanuelskirche Wuppertal-Barmen<\/p>\n<p>Auftritt im Restaurant CENTRAL Wuppertal-Ronsdorf aus Anlass der Verleihung des Bundesverdienstkreuzes f\u00fcr den Bezirksb\u00fcrgermeister Lothar N\u00e4gelkr\u00e4mer<\/p>\n<p>Mitwirkung beim Festakt des Heimat- und B\u00fcrgervereins am Volkstrauertag<\/p>\n<p>Mitwirkung beim Trauergottesdienst f\u00fcr Annelore Heyn von der Bergischen\u00a0Musikschule in der reformierten Kirche Wuppertal-Ronsdorf<\/p>\n<p>Dezember: Weihnachtskonzert \u201eZu Bethlehem geboren\u201c in der katholischen Kirche St. Christophorus\u00a0Lichtscheid<\/p>\n<p><strong>2014<\/strong><\/p>\n<p>M\u00e4rz: Passionskonzert mit dem Chor der Bergischen Musikschule in der Lutherkirche Wuppertal-Ronsdorf<\/p>\n<p>Juli: Matin\u00e9e Holthauser S\u00e4ngerkirmes Wuppertal-Ronsdorf<\/p>\n<p>Oktober: Singen in der Ev. Kirchengemeinde Wuppertal-K\u00fcllenhahn<\/p>\n<p>November: Singen in der\u00a0Lutherkirche Wuppertal-Ronsdorf<\/p>\n<p>Dezember: Weihnachtskonzert mit Vokalquartett Halb &amp; 1\/2, SchlagArt-Ensemble der Bergischen Musikschule, Jens-Peter Enk &#8211; Orgel in der\u00a0Lutherkirche Wuppertal-Ronsdorf<\/p>\n<p><strong>2015<\/strong><\/p>\n<p>M\u00e4rz: Chorkonzert &#8222;Masel Tov&#8220; im Rahmen der j\u00fcdischen Kulturtage in der Thomaskirche Wuppertal-Elberfeld<\/p>\n<p>April: Gemeinschaftskonzert mit dem Theodor-K\u00f6rner-Chor aus Schwerin im Mendelssohn Saal der Historischen Stadthalle Wuppertal<\/p>\n<p>Juli: Matine\u00e9 Holthauser S\u00e4ngerkirmes<\/p>\n<p>August: Weinfest zugunsten Bandwirkerbad in Wuppertal-Ronsdorf<\/p>\n<p>Dezember: Weihnachtskonzert &#8222;Advent ist ein Leuchten&#8220;\u00a0in der kath. Kirche St. Christophorus Lichtscheid<\/p>\n<p><strong>2016<\/strong><\/p>\n<p>Juni 2017: Benefizkonzert\u00a0f\u00fcr das Bandwirkerbad Ronsdorf mit der Gesangabteilung des BTV Graben in der Kirche der Freien evangelischen Gemeinde Wuppertal-Ronsdorf<\/p>\n<p>September\/Oktober: Chorfahrt mit Konzert in der Inselkirche Langeoog<\/p>\n<p>Dezember: Adventskonzert in der Katholischen Kirche St. Joseph in Ronsdorf<\/p>\n<p><strong>2017<\/strong><\/p>\n<p>August: Singen zur Hochzeit von Bettina Schlomski und Tim Ludwig in der ev. Kirche St. Peter zu Syburg<\/p>\n<p>September: Konzert &#8222;70 Jahre Pro Musica, Haste T\u00f6ne&#8220; in der Lutherkirche mit Nachfeier im Gemeindesaal<\/p>\n<p>November: Singen zum Volkstrauertag in der Feuerwehrhalle und am Ehrenmal<\/p>\n<p>Dezember: Weihnachtskonzert &#8222;Weihnacht, frohe Weihnacht&#8220; in der reformierten Kirche Wuppertal-Ronsdorf<\/p>\n<p><strong>2018<\/strong><\/p>\n<p>Juni: Konzert &#8222;Unter s\u00fcdlicher Sonne&#8220; in der Freien Evangelischen Gemeinde in Wuppertal-Ronsdorf<\/p>\n<p>Juli: Chorreise nach Nijmegen\/Niederlande<\/p>\n<p>September: Mitwirkung &#8222;Musikalische Gr\u00fc\u00dfe aus aller Welt&#8220; beim Bergischen Chorfest in Heiligenhaus-Mettmann<\/p>\n<p>November: Singen im Diakoniezentrum Wuppertal-Ronsdorf<\/p>\n<p>Dezember: Weihnachtskonzert &#8222;Weihnachtslieder der Welt&#8220; in der Lutherkirche Wuppertal-Ronsdorf<\/p>\n<p><strong>2019<\/strong><\/p>\n<p>M\u00e4rz: Mitwirkung beim Bergischen Chorfest, Benefizkonzert \u201eBergische Ch\u00f6re singen f\u00fcr die Luther-Kirche\u201c in der Luther-Kirche Solingen.<\/p>\n<p>Mai: Mitwirkung \u201eNeue Ufer Wuppertal\u201c am Ufer der Wupper.<\/p>\n<p>September: Mitwirkung &#8222;Die Bergische Chornacht&#8220; im gro\u00dfen Saal der Historischen Stadthalle Wuppertal.<\/p>\n<p>September: 22.09.2019 So 17:00 Uhr Konzert mit Jamani &#8222;Wir k\u00f6nnen auch anders!\u201c im Mendelssohn Saal der Historischen Stadthalle Wuppertal.<\/p>\n<p><strong>2020<\/strong><\/p>\n<p><strong>Januar:<\/strong> Neujahrskonzert \u201eVerweile doch, du hast ja Zeit\u201c Mit WOW ins neue Jahr!<\/p>\n<p>Mitwirkung: WoW (Women of Wuppertal), Leitung Hayat Chaoui u. Claus Fabienke, Klavier.<\/p>\n<p><strong>Juni:<\/strong> Soir\u00e9e in der Lutherkirche \u201eSingen ist wie ein warmer Sommerwind\u201c (ausgefallen wegen Corona)<\/p>\n<p><strong>Dezember:<\/strong> \u201eDas etwas andere Weihnachtskonzert\u201c in der Reformierten Kirche Ronsdorf (ausgefallen wegen Corona)<\/p>\n<p><strong>2021<\/strong><\/p>\n<p><strong>September:<\/strong> Singumgang in Ronsdorf am Diakoniezentrum Schenkstra\u00dfe u. auf dem Marktplatz.<\/p>\n<p><strong>Dezember:<\/strong> Weihnachtskonzert \u201eEndlich wieder singen!\u201c in der Reformierten Kirche Ronsdorf mit Igor Parfenov, Klavier. Unter Beteiligung am Bergischen Chorfest \u201eTage der bergischen Ch\u00f6re\u201c<\/p>\n<p><strong>2022<\/strong><\/p>\n<p><strong>Juni:<\/strong> Jubil\u00e4umskonzert &#8222;75 Jahre Pro Musica, na und!? in der Freien Evangelischen Gemeinde mit Igor Parfenov &#8211; Klavier, Leon Capar &#8211; Celo, Uwe Fischer-Rosier &#8211; Perkussion, Helena Schulze &#8211; Oboe, Violine, Gitarre und Gesang.<\/p>\n<p><strong>Dezember: <\/strong>Weihnachtskonzert &#8222;Auf Pfaden der Zuversicht&#8220; in der Lutherkirche Ronsdorf mit Christian Auhage &#8211; Orgel und Klavier, Eva Caspari &#8211; Chimes, Richard und Johann Auhage &#8211; Cello.<\/p>\n\n\n<p><strong>2023<\/strong><\/p>\n\n\n\n<p><strong>Juni:<\/strong> Kirchenkonzert &#8222;Ab und zu braucht meine Seele Ruhe&#8220; in der katholischen Kirche St. Joseph mit Claus Fabienke &#8211; Orgel u. Klavier, Julia Bergmann &#8211; Sopran.<\/p>\n\n\n\n<p><strong>Oktober:<\/strong> Mitwirkung Bergisches Chorfest in der Stadthalle Langenfeld<\/p>\n\n\n\n<p><strong>Oktober: <\/strong>Mitwirkung &#8222;Very British&#8220; Konzert in BM mit keltischer Musik u. kleinen Lesungen<\/p>\n\n\n\n<p><strong>Dezember:<\/strong> Weihnachtskonzert &#8222;Auf, haltet euer Herz bereit&#8220; in der Freien evangelischen Gemeinde mit Igor Parfenov &#8211; Klavier, Anna u. Benjamin Mahlert &#8211; Violine und Klavier, Nala Mintchev u. Yunjing Cui &#8211; Klavier.<\/p>\n\n\n\n<p><strong>2024<\/strong><\/p>\n\n\n\n<p><strong>Juni:<\/strong> &#8222;Thank you for the Music&#8220; in der Lutherkirche Ronsdorf mit Helena Schulze &#8211; Gesang, Oboe, Violine, Klavier, Jim Polimeris u. Shergo Bayram &#8211; Klavier, FEMMESvomTal, Igor Parfenov -Klavierbegleitung<\/p>\n\n\n\n<p><strong>Dezember:<\/strong> Weihnachtskonzert &#8222;Wenn wir Weihnachtslieder singen&#8220; in der Freien Evangelischen Gemeinde mit Sch\u00fclerinnen und Sch\u00fclern der BM, Spin-off und Igor Parfenov &#8211; Klavier<\/p>\n\n\n\n<p><strong>2025<\/strong><\/p>\n\n\n\n<p><strong>Juni:<\/strong> Konzertmitwirkung in St. Ludger Wuppertal<\/p>\n\n\n\n<p><strong>September: <\/strong>Sommerkonzert &#8222;Liebesgefl\u00fcster&#8220; in der Stadthalle Wuppertal mit Spin-Off, WOW Women of Wuppertal, Maria &amp; Igor Parfenova<\/p>\n\n\n\n<p><strong>Dezember: <\/strong>Weihnachtskonzert \u201eWas ist Weihnachten f\u00fcr mich\u201c in der Freien Evangelischen Gemeinde mit Spin-off, dem Kinderchor der Bergischen Musikschule, Claus Fabienke, Benjamin Mahlert, und Julia Wenzel<\/p>\n\n\n\n\n\n<p><\/p>\n","protected":false},"excerpt":{"rendered":"<p>\u00fcber 60 Jahre Chorgeschichte&#8230; 1947 September: Der Ronsdorfer Kinderchor wird gegr\u00fcndet 1949 Der Chor ist auf 280 Kinder angewachsen 1951 Mai: Geburt des Ronsdorfer Jugendchores 1955 10. Oktober: Erste Probe unter Engelbert Buhr 1956 Oktober: Der Jugendchor gibt ein Konzert im D\u00fcrselenhaus 1957 Der Kinderchor wird aufgel\u00f6st 1962 Januar: Erfolg mit Madrigalen und Liedern 1965 &hellip; <a href=\"https:\/\/promusicaronsdorf.de\/?page_id=22\" class=\"more-link\"><span class=\"screen-reader-text\">Chronik<\/span> weiterlesen <span class=\"meta-nav\">&rarr;<\/span><\/a><\/p>\n","protected":false},"author":1,"featured_media":0,"parent":0,"menu_order":5,"comment_status":"closed","ping_status":"closed","template":"","meta":{"footnotes":""},"class_list":["post-22","page","type-page","status-publish","hentry"],"_links":{"self":[{"href":"https:\/\/promusicaronsdorf.de\/index.php?rest_route=\/wp\/v2\/pages\/22","targetHints":{"allow":["GET"]}}],"collection":[{"href":"https:\/\/promusicaronsdorf.de\/index.php?rest_route=\/wp\/v2\/pages"}],"about":[{"href":"https:\/\/promusicaronsdorf.de\/index.php?rest_route=\/wp\/v2\/types\/page"}],"author":[{"embeddable":true,"href":"https:\/\/promusicaronsdorf.de\/index.php?rest_route=\/wp\/v2\/users\/1"}],"replies":[{"embeddable":true,"href":"https:\/\/promusicaronsdorf.de\/index.php?rest_route=%2Fwp%2Fv2%2Fcomments&post=22"}],"version-history":[{"count":23,"href":"https:\/\/promusicaronsdorf.de\/index.php?rest_route=\/wp\/v2\/pages\/22\/revisions"}],"predecessor-version":[{"id":1070,"href":"https:\/\/promusicaronsdorf.de\/index.php?rest_route=\/wp\/v2\/pages\/22\/revisions\/1070"}],"wp:attachment":[{"href":"https:\/\/promusicaronsdorf.de\/index.php?rest_route=%2Fwp%2Fv2%2Fmedia&parent=22"}],"curies":[{"name":"wp","href":"https:\/\/api.w.org\/{rel}","templated":true}]}}