{"id":47,"date":"2014-02-25T22:00:07","date_gmt":"2014-02-25T21:00:07","guid":{"rendered":"http:\/\/promusicaronsdorf.de\/neu\/?page_id=47"},"modified":"2025-05-28T07:03:32","modified_gmt":"2025-05-28T06:03:32","slug":"impressum","status":"publish","type":"page","link":"https:\/\/promusicaronsdorf.de\/?page_id=47","title":{"rendered":"Impressum"},"content":{"rendered":"<h2><span style=\"text-decoration: underline;\"><span style=\"font-size: 1.5rem; line-height: 1.5;\">1. Vorsitzende<\/span><\/span><\/h2>\n<address style=\"text-align: center;\"><strong>J\u00f6rg Rosky<\/strong><br \/>\n<strong>Caronstr. 16<\/strong><br \/>\n<strong>42389 Wuppertal<\/strong><br \/>\n<strong>015772199444<\/strong><\/address>\n<address style=\"text-align: center;\"><span style=\"color: #000000;\"><strong>joros@gmx.net<\/strong><\/span><\/address>\n<h2 style=\"text-align: center;\"><\/h2>\n<h3 style=\"text-align: center;\"><span style=\"text-decoration: underline;\">Verantwortliche f\u00fcr diese Seiten gem\u00e4\u00df \u00a710 Abs. 3 MDStV<\/span><\/h3>\n<address style=\"text-align: center;\">\u00a0<\/address>\n<address style=\"text-align: center;\">\u00a0<\/address>\n<address style=\"text-align: center;\"><strong>J\u00f6rg Rosky<\/strong><br \/>\n<strong>Caronstr. 16<\/strong><br \/>\n<strong>42389 Wuppertal<\/strong><br \/>\n<strong>015772199444<\/strong><\/address>\n<address style=\"text-align: center;\"><span style=\"color: #000000;\"><strong>joros@gmx.net<\/strong><\/span><\/address>\n<address>\u00a0<\/address>\n<address style=\"text-align: center;\"><strong style=\"line-height: 1.714285714; font-size: 1rem;\"><span style=\"line-height: 1.714285714; font-size: 1rem;\">Rechtlicher Hinweis<\/span><\/strong><\/address>\n<p align=\"center\"><strong>Das Landgericht Hamburg hat mit einem Urteil vom 12. Mai 1998 entschieden, dass durch das Einbinden eines Links die Inhalte der gelinkten Seite ggf. mitzuverantworten sind. Dies kann, so das Gericht, nur dadurch verhindert werden, dass man sich ausdr\u00fccklich von diesen Inhalten distanziert. Auch promusicaronsdorf.de setzt Links auf andere Internet-Seiten. Daher erkl\u00e4ren die Betreiber von promusicaronsdorf.de hiermit ausdr\u00fccklich, dass sie auf die Gestaltung und die Inhalte der gelinkten Seiten keinen Einfluss haben ebenfalls distanzieren sie sich hiermit ausdr\u00fccklich von allen Inhalten aller gelinkten Seiten und machen sich diese Inhalte nicht zu Eigen. Diese Erkl\u00e4rung gilt f\u00fcr alle bei promusicaronsdorf.de angezeigten Links und f\u00fcr alle Inhalte der Seiten, zu denen die von den Betreibern eingerichteten Banner und Links f\u00fchren.<\/strong><\/p>\n<p align=\"center\">Konto Stadtsparkasse Wuppertal:<br \/>\n<b>Pro Musica Ronsdorf<\/b><b><br \/>\n<\/b><b>IBAN: DE67 3305 0000 0000 3492 41<\/b><b><br \/>\n<\/b><b>BIC: WUPSDE33XXX<\/b><\/p>\n<h1 style=\"text-align: center;\"><\/h1>\n","protected":false},"excerpt":{"rendered":"<p>1. Vorsitzende J\u00f6rg Rosky Caronstr. 16 42389 Wuppertal 015772199444 joros@gmx.net Verantwortliche f\u00fcr diese Seiten gem\u00e4\u00df \u00a710 Abs. 3 MDStV \u00a0 \u00a0 J\u00f6rg Rosky Caronstr. 16 42389 Wuppertal 015772199444 joros@gmx.net \u00a0 Rechtlicher Hinweis Das Landgericht Hamburg hat mit einem Urteil vom 12. Mai 1998 entschieden, dass durch das Einbinden eines Links die Inhalte der gelinkten Seite &hellip; <a href=\"https:\/\/promusicaronsdorf.de\/?page_id=47\" class=\"more-link\"><span class=\"screen-reader-text\">Impressum<\/span> weiterlesen <span class=\"meta-nav\">&rarr;<\/span><\/a><\/p>\n","protected":false},"author":1,"featured_media":0,"parent":0,"menu_order":8,"comment_status":"closed","ping_status":"closed","template":"","meta":{"footnotes":""},"class_list":["post-47","page","type-page","status-publish","hentry"],"_links":{"self":[{"href":"https:\/\/promusicaronsdorf.de\/index.php?rest_route=\/wp\/v2\/pages\/47","targetHints":{"allow":["GET"]}}],"collection":[{"href":"https:\/\/promusicaronsdorf.de\/index.php?rest_route=\/wp\/v2\/pages"}],"about":[{"href":"https:\/\/promusicaronsdorf.de\/index.php?rest_route=\/wp\/v2\/types\/page"}],"author":[{"embeddable":true,"href":"https:\/\/promusicaronsdorf.de\/index.php?rest_route=\/wp\/v2\/users\/1"}],"replies":[{"embeddable":true,"href":"https:\/\/promusicaronsdorf.de\/index.php?rest_route=%2Fwp%2Fv2%2Fcomments&post=47"}],"version-history":[{"count":15,"href":"https:\/\/promusicaronsdorf.de\/index.php?rest_route=\/wp\/v2\/pages\/47\/revisions"}],"predecessor-version":[{"id":985,"href":"https:\/\/promusicaronsdorf.de\/index.php?rest_route=\/wp\/v2\/pages\/47\/revisions\/985"}],"wp:attachment":[{"href":"https:\/\/promusicaronsdorf.de\/index.php?rest_route=%2Fwp%2Fv2%2Fmedia&parent=47"}],"curies":[{"name":"wp","href":"https:\/\/api.w.org\/{rel}","templated":true}]}}